{"id":71350,"date":"2025-03-11T17:26:15","date_gmt":"2025-03-11T17:26:15","guid":{"rendered":"https:\/\/financelaw.multiplikate.com\/?page_id=71350"},"modified":"2025-07-07T17:05:31","modified_gmt":"2025-07-07T17:05:31","slug":"derecho-penal","status":"publish","type":"page","link":"https:\/\/commercelaw.es\/?page_id=71350","title":{"rendered":"Derecho Penal"},"content":{"rendered":"<p>[et_pb_section fb_built=\u00bb1&#8243; fullwidth=\u00bbon\u00bb _builder_version=\u00bb4.27.2&#8243; _module_preset=\u00bbdefault\u00bb global_colors_info=\u00bb{}\u00bb][et_pb_fullwidth_slider _builder_version=\u00bb4.27.4&#8243; _module_preset=\u00bbdefault\u00bb hover_enabled=\u00bb0&#8243; global_colors_info=\u00bb{}\u00bb sticky_enabled=\u00bb0&#8243;][et_pb_slide heading=\u00bbDerecho Penal\u00bb use_bg_overlay=\u00bbon\u00bb use_text_overlay=\u00bbon\u00bb _builder_version=\u00bb4.27.4&#8243; _module_preset=\u00bbdefault\u00bb background_enable_color=\u00bboff\u00bb background_image=\u00bbhttps:\/\/commercelaw.es\/wp-content\/uploads\/2025\/03\/penal-banner-scaled.jpg\u00bb background_enable_image=\u00bbon\u00bb hover_enabled=\u00bb0&#8243; global_colors_info=\u00bb{}\u00bb sticky_transition=\u00bbon\u00bb header_font=\u00bbPlayfair Display||||||||\u00bb sticky_enabled=\u00bb0&#8243;][\/et_pb_slide][\/et_pb_fullwidth_slider][\/et_pb_section][et_pb_section fb_built=\u00bb1&#8243; _builder_version=\u00bb4.16&#8243; custom_padding=\u00bb14px||14px||true|false\u00bb global_colors_info=\u00bb{}\u00bb][et_pb_row column_structure=\u00bb1_2,1_2&#8243; use_custom_gutter=\u00bbon\u00bb gutter_width=\u00bb2&#8243; make_equal=\u00bbon\u00bb _builder_version=\u00bb4.27.4&#8243; width=\u00bb90%\u00bb width_tablet=\u00bb90%\u00bb width_phone=\u00bb90%\u00bb width_last_edited=\u00bbon|phone\u00bb max_width_tablet=\u00bb470px\u00bb max_width_phone=\u00bb90%\u00bb max_width_last_edited=\u00bbon|tablet\u00bb custom_padding=\u00bb0px||0px||true|false\u00bb hover_enabled=\u00bb0&#8243; global_colors_info=\u00bb{}\u00bb max_width=\u00bb2560px\u00bb sticky_enabled=\u00bb0&#8243;][et_pb_column type=\u00bb1_2&#8243; _builder_version=\u00bb4.16&#8243; global_colors_info=\u00bb{}\u00bb][et_pb_image src=\u00bbhttps:\/\/commercelaw.es\/wp-content\/uploads\/2025\/03\/new-section-1-1.png\u00bb title_text=\u00bbnew-section-1 (1)\u00bb _builder_version=\u00bb4.16&#8243; max_width=\u00bb400px\u00bb custom_margin=\u00bb111px|||||\u00bb filter_opacity=\u00bb18%\u00bb global_colors_info=\u00bb{}\u00bb][\/et_pb_image][et_pb_image src=\u00bbhttps:\/\/commercelaw.es\/wp-content\/uploads\/2025\/03\/penal-scaled.jpg\u00bb title_text=\u00bbpenal\u00bb align=\u00bbcenter\u00bb _builder_version=\u00bb4.27.2&#8243; z_index=\u00bb999&#8243; max_width=\u00bb490px\u00bb custom_margin=\u00bb-380px|||40px|false|false\u00bb custom_margin_tablet=\u00bb-388px||||false|false\u00bb custom_margin_phone=\u00bb-352px|||40px|false|false\u00bb custom_margin_last_edited=\u00bbon|phone\u00bb border_width_all=\u00bb1px\u00bb border_color_all=\u00bb#E02B20&#8243; box_shadow_style=\u00bbpreset2&#8243; box_shadow_color=\u00bbrgba(0,0,0,0.69)\u00bb global_colors_info=\u00bb{}\u00bb][\/et_pb_image][\/et_pb_column][et_pb_column type=\u00bb1_2&#8243; _builder_version=\u00bb4.16&#8243; custom_padding=\u00bb100px|||25px|false|false\u00bb custom_padding_tablet=\u00bb50px|||0px|false|false\u00bb custom_padding_phone=\u00bb50px|||0px|false|false\u00bb custom_padding_last_edited=\u00bbon|phone\u00bb global_colors_info=\u00bb{}\u00bb][et_pb_text _builder_version=\u00bb4.27.4&#8243; text_font=\u00bbDM Sans||||||||\u00bb text_text_color=\u00bb#47465e\u00bb text_font_size=\u00bb15px\u00bb header_font=\u00bbPlayfair Display||||||||\u00bb header_text_color=\u00bb#1d1a4e\u00bb header_font_size=\u00bb20px\u00bb header_2_font=\u00bbPlayfair Display||||||||\u00bb header_2_text_color=\u00bb#1d1a4e\u00bb custom_margin=\u00bb||2px|||\u00bb global_colors_info=\u00bb{}\u00bb]<\/p>\n<h1 data-pm-slice=\"1 1 []\" style=\"text-align: center;\"><span>Defensa<strong> Penal Especializada en Commerce &amp; Finance Law Office<\/strong><\/span><\/h1>\n<h1>\u00a0<\/h1>\n<p>[\/et_pb_text][et_pb_text _builder_version=\u00bb4.27.2&#8243; text_font=\u00bbDM Sans||||||||\u00bb text_text_color=\u00bb#47465e\u00bb text_font_size=\u00bb15px\u00bb header_font=\u00bbPlayfair Display||||||||\u00bb header_text_color=\u00bb#1d1a4e\u00bb header_font_size=\u00bb20px\u00bb header_2_font=\u00bbPlayfair Display||||||||\u00bb header_2_text_color=\u00bb#1d1a4e\u00bb global_colors_info=\u00bb{}\u00bb]<\/p>\n<p data-pm-slice=\"1 1 []\" style=\"text-align: justify;\"><span>En <\/span><span><strong>Commerce &amp; Finance Law Office<\/strong><\/span><span>, ofrecemos un servicio de defensa penal integral para particulares y empresas en Madrid. Nuestro equipo de abogados penalistas cuenta con una amplia experiencia en la representaci\u00f3n y asesoramiento en casos de delitos econ\u00f3micos, empresariales y generales, garantizando una estrategia legal s\u00f3lida y eficaz.<\/span><\/p>\n<h2 style=\"text-align: justify;\"><span>\u00c1reas de Especializaci\u00f3n en Derecho Penal<\/span><\/h2>\n<p style=\"text-align: justify;\"><span>En nuestro despacho, nos especializamos en diversas \u00e1reas del derecho penal, asegurando la mejor defensa para nuestros clientes en situaciones complejas:<\/span><\/p>\n<ul data-spread=\"false\" style=\"text-align: justify;\">\n<li><span><strong>Delitos Econ\u00f3micos y Financieros<\/strong><\/span><span>: Ofrecemos asesoramiento y defensa en casos de fraude, blanqueo de capitales, insolvencias punibles, delitos societarios y corrupci\u00f3n en los negocios. Protegemos a empresas y directivos ante acusaciones que puedan comprometer su reputaci\u00f3n y estabilidad financiera.<\/span><\/li>\n<li><span><strong>Delitos contra el Patrimonio y el Orden Socioecon\u00f3mico<\/strong><\/span><span>: Representamos a nuestros clientes en casos de robo, estafa, apropiaci\u00f3n indebida y delitos contra la propiedad industrial e intelectual. Contamos con un enfoque estrat\u00e9gico para minimizar riesgos y buscar la mejor resoluci\u00f3n.<\/span><\/li>\n<li><span><strong>Delitos Corporativos y Compliance Penal<\/strong><\/span><span>: Asesoramos a empresas en la implementaci\u00f3n de programas de compliance penal para prevenir riesgos legales y garantizar el cumplimiento normativo. Tambi\u00e9n representamos a directivos y entidades en procesos judiciales derivados de la responsabilidad penal de la empresa.<\/span><\/li>\n<li><span><strong>Delitos contra las Personas y la Seguridad<\/strong><\/span><span>: Prestamos defensa en casos de lesiones, amenazas, coacciones y violencia de g\u00e9nero, asegurando el respeto a los derechos de nuestros clientes y una representaci\u00f3n efectiva ante los tribunales.<\/span><\/li>\n<li><span><strong>Delitos Inform\u00e1ticos<\/strong><\/span><span>: Defendemos a empresas y particulares en casos relacionados con el acceso indebido a sistemas, fraudes electr\u00f3nicos, suplantaci\u00f3n de identidad y ciberdelitos, \u00e1reas cada vez m\u00e1s relevantes en el mundo digital.<\/span><\/li>\n<\/ul>\n<p style=\"text-align: justify;\">[\/et_pb_text][\/et_pb_column][\/et_pb_row][et_pb_row _builder_version=\u00bb4.27.4&#8243; _module_preset=\u00bbdefault\u00bb hover_enabled=\u00bb0&#8243; global_colors_info=\u00bb{}\u00bb max_width=\u00bb2560px\u00bb width=\u00bb85%\u00bb sticky_enabled=\u00bb0&#8243;][et_pb_column type=\u00bb4_4&#8243; _builder_version=\u00bb4.27.2&#8243; _module_preset=\u00bbdefault\u00bb global_colors_info=\u00bb{}\u00bb][et_pb_text _builder_version=\u00bb4.27.2&#8243; _module_preset=\u00bbdefault\u00bb text_font=\u00bbDM Sans||||||||\u00bb text_text_color=\u00bb#47465e\u00bb text_font_size=\u00bb15px\u00bb header_font=\u00bbPlayfair Display||||||||\u00bb header_text_color=\u00bb#1d1a4e\u00bb header_font_size=\u00bb20px\u00bb header_2_font=\u00bbPlayfair Display||||||||\u00bb header_2_text_color=\u00bb#1d1a4e\u00bb global_colors_info=\u00bb{}\u00bb]<\/p>\n<h2 style=\"text-align: justify;\"><span>Un Equipo de Expertos en Derecho Penal<\/span><\/h2>\n<p style=\"text-align: justify;\"><span>En <\/span><span><strong>Commerce &amp; Finance Law Office<\/strong><\/span><span>, comprendemos que enfrentarse a un procedimiento penal puede ser una experiencia angustiante. Por ello, nos comprometemos a brindar un servicio de defensa personalizado, basado en un profundo conocimiento de la legislaci\u00f3n vigente y una s\u00f3lida estrategia procesal.<\/span><\/p>\n<p style=\"text-align: justify;\"><span>Desde la asistencia en detenci\u00f3n hasta la representaci\u00f3n en juicio, nuestro equipo trabaja con rapidez, discreci\u00f3n y compromiso absoluto para proteger los intereses de nuestros clientes. Cada caso es \u00fanico, por lo que analizamos todos los detalles para ofrecer la mejor soluci\u00f3n posible.<\/span><\/p>\n<p style=\"text-align: justify;\"><span>Si necesita asesoramiento o defensa en un procedimiento penal, no dude en contactarnos. En <\/span><span><strong>Commerce &amp; Finance Law Office<\/strong><\/span><span>, su defensa es nuestra prioridad y trabajaremos incansablemente para garantizar sus derechos y obtener el mejor resultado posible.<\/span><\/p>\n<p>[\/et_pb_text][\/et_pb_column][\/et_pb_row][\/et_pb_section]<\/p>\n","protected":false},"excerpt":{"rendered":"<p>Defensa Penal Especializada en Commerce &amp; Finance Law Office \u00a0En Commerce &amp; Finance Law Office, ofrecemos un servicio de defensa penal integral para particulares y empresas en Madrid. Nuestro equipo de abogados penalistas cuenta con una amplia experiencia en la representaci\u00f3n y asesoramiento en casos de delitos econ\u00f3micos, empresariales y generales, garantizando una estrategia legal [&hellip;]<\/p>\n","protected":false},"author":1,"featured_media":0,"parent":0,"menu_order":0,"comment_status":"closed","ping_status":"closed","template":"","meta":{"_et_pb_use_builder":"on","_et_pb_old_content":"","_et_gb_content_width":"","footnotes":""},"class_list":["post-71350","page","type-page","status-publish","hentry"],"_links":{"self":[{"href":"https:\/\/commercelaw.es\/index.php?rest_route=\/wp\/v2\/pages\/71350","targetHints":{"allow":["GET"]}}],"collection":[{"href":"https:\/\/commercelaw.es\/index.php?rest_route=\/wp\/v2\/pages"}],"about":[{"href":"https:\/\/commercelaw.es\/index.php?rest_route=\/wp\/v2\/types\/page"}],"author":[{"embeddable":true,"href":"https:\/\/commercelaw.es\/index.php?rest_route=\/wp\/v2\/users\/1"}],"replies":[{"embeddable":true,"href":"https:\/\/commercelaw.es\/index.php?rest_route=%2Fwp%2Fv2%2Fcomments&post=71350"}],"version-history":[{"count":10,"href":"https:\/\/commercelaw.es\/index.php?rest_route=\/wp\/v2\/pages\/71350\/revisions"}],"predecessor-version":[{"id":71480,"href":"https:\/\/commercelaw.es\/index.php?rest_route=\/wp\/v2\/pages\/71350\/revisions\/71480"}],"wp:attachment":[{"href":"https:\/\/commercelaw.es\/index.php?rest_route=%2Fwp%2Fv2%2Fmedia&parent=71350"}],"curies":[{"name":"wp","href":"https:\/\/api.w.org\/{rel}","templated":true}]}}