{"id":71362,"date":"2025-03-11T18:40:20","date_gmt":"2025-03-11T18:40:20","guid":{"rendered":"https:\/\/financelaw.multiplikate.com\/?page_id=71362"},"modified":"2025-07-07T17:06:20","modified_gmt":"2025-07-07T17:06:20","slug":"derecho-mercantil","status":"publish","type":"page","link":"https:\/\/commercelaw.es\/?page_id=71362","title":{"rendered":"Derecho Mercantil"},"content":{"rendered":"<p>[et_pb_section fb_built=\u00bb1&#8243; fullwidth=\u00bbon\u00bb _builder_version=\u00bb4.27.2&#8243; _module_preset=\u00bbdefault\u00bb global_colors_info=\u00bb{}\u00bb][et_pb_fullwidth_slider _builder_version=\u00bb4.27.4&#8243; _module_preset=\u00bbdefault\u00bb hover_enabled=\u00bb0&#8243; global_colors_info=\u00bb{}\u00bb sticky_enabled=\u00bb0&#8243;][et_pb_slide heading=\u00bbDerecho Mercantil\u00bb use_bg_overlay=\u00bbon\u00bb use_text_overlay=\u00bbon\u00bb _builder_version=\u00bb4.27.4&#8243; _module_preset=\u00bbdefault\u00bb background_enable_color=\u00bboff\u00bb background_image=\u00bbhttps:\/\/commercelaw.es\/wp-content\/uploads\/2025\/03\/mercantil-banner-scaled.jpg\u00bb background_enable_image=\u00bbon\u00bb hover_enabled=\u00bb0&#8243; global_colors_info=\u00bb{}\u00bb sticky_transition=\u00bbon\u00bb header_font=\u00bbPlayfair Display||||||||\u00bb sticky_enabled=\u00bb0&#8243;][\/et_pb_slide][\/et_pb_fullwidth_slider][\/et_pb_section][et_pb_section fb_built=\u00bb1&#8243; _builder_version=\u00bb4.16&#8243; custom_padding=\u00bb14px||14px||true|false\u00bb global_colors_info=\u00bb{}\u00bb][et_pb_row column_structure=\u00bb1_2,1_2&#8243; use_custom_gutter=\u00bbon\u00bb gutter_width=\u00bb2&#8243; make_equal=\u00bbon\u00bb _builder_version=\u00bb4.16&#8243; width=\u00bb90%\u00bb width_tablet=\u00bb90%\u00bb width_phone=\u00bb90%\u00bb width_last_edited=\u00bbon|phone\u00bb max_width_tablet=\u00bb470px\u00bb max_width_phone=\u00bb90%\u00bb max_width_last_edited=\u00bbon|tablet\u00bb custom_padding=\u00bb0px||0px||true|false\u00bb global_colors_info=\u00bb{}\u00bb][et_pb_column type=\u00bb1_2&#8243; _builder_version=\u00bb4.16&#8243; global_colors_info=\u00bb{}\u00bb][et_pb_image src=\u00bbhttps:\/\/commercelaw.es\/wp-content\/uploads\/2025\/03\/new-section-1-1.png\u00bb title_text=\u00bbnew-section-1 (1)\u00bb _builder_version=\u00bb4.16&#8243; max_width=\u00bb400px\u00bb custom_margin=\u00bb124px|||||\u00bb filter_opacity=\u00bb18%\u00bb global_colors_info=\u00bb{}\u00bb][\/et_pb_image][et_pb_image src=\u00bbhttps:\/\/commercelaw.es\/wp-content\/uploads\/2025\/03\/mercantil-scaled.jpg\u00bb title_text=\u00bbmercantil\u00bb align=\u00bbcenter\u00bb _builder_version=\u00bb4.27.2&#8243; z_index=\u00bb999&#8243; max_width=\u00bb490px\u00bb custom_margin=\u00bb-380px|||40px|false|false\u00bb custom_margin_tablet=\u00bb-388px||||false|false\u00bb custom_margin_phone=\u00bb-352px|||40px|false|false\u00bb custom_margin_last_edited=\u00bbon|phone\u00bb border_width_all=\u00bb1px\u00bb border_color_all=\u00bb#E02B20&#8243; box_shadow_style=\u00bbpreset2&#8243; box_shadow_color=\u00bbrgba(0,0,0,0.69)\u00bb global_colors_info=\u00bb{}\u00bb][\/et_pb_image][\/et_pb_column][et_pb_column type=\u00bb1_2&#8243; _builder_version=\u00bb4.16&#8243; custom_padding=\u00bb100px|||25px|false|false\u00bb custom_padding_tablet=\u00bb50px|||0px|false|false\u00bb custom_padding_phone=\u00bb50px|||0px|false|false\u00bb custom_padding_last_edited=\u00bbon|phone\u00bb global_colors_info=\u00bb{}\u00bb][et_pb_text _builder_version=\u00bb4.27.4&#8243; header_font=\u00bbPlayfair Display||||||||\u00bb header_text_color=\u00bb#1d1a4e\u00bb header_font_size=\u00bb20px\u00bb global_colors_info=\u00bb{}\u00bb header_2_font=\u00bbPlayfair Display||||||||\u00bb header_2_text_color=\u00bb#1d1a4e\u00bb text_font=\u00bbDM Sans||||||||\u00bb text_font_size=\u00bb15px\u00bb text_text_color=\u00bb#47465e\u00bb hover_enabled=\u00bb0&#8243; sticky_enabled=\u00bb0&#8243;]<\/p>\n<h2 data-pm-slice=\"1 1 []\" style=\"text-align: center;\"><span><strong>Derecho Mercantil en Commerce &amp; Finance Law Office<\/strong><\/span><\/h2>\n<p>&nbsp;<\/p>\n<p>[\/et_pb_text][et_pb_text _builder_version=\u00bb4.27.2&#8243; text_font=\u00bbDM Sans||||||||\u00bb text_text_color=\u00bb#47465e\u00bb text_font_size=\u00bb15px\u00bb global_colors_info=\u00bb{}\u00bb header_font_size=\u00bb20px\u00bb header_font=\u00bbPlayfair Display||||||||\u00bb header_2_font=\u00bbPlayfair Display||||||||\u00bb header_2_text_color=\u00bb#1d1a4e\u00bb header_text_color=\u00bb#1d1a4e\u00bb]<\/p>\n<p data-pm-slice=\"1 1 []\"><span>En <\/span><span><strong>Commerce &amp; Finance Law Office<\/strong><\/span><span>, ofrecemos un asesoramiento integral en derecho mercantil para empresas de todos los tama\u00f1os, desde startups hasta grandes corporaciones. Nuestro equipo de abogados especializados trabaja para garantizar que cada operaci\u00f3n comercial se realice dentro del marco legal adecuado, minimizando riesgos y optimizando la seguridad jur\u00eddica de nuestros clientes.<\/span><\/p>\n<h2><span>Asesoramiento en Derecho Societario y Contractual<\/span><\/h2>\n<p><span>El derecho societario es una de nuestras \u00e1reas clave. Brindamos asistencia en la constituci\u00f3n de sociedades, fusiones, adquisiciones y reestructuraciones empresariales. Adem\u00e1s, asesoramos en la elaboraci\u00f3n de estatutos, acuerdos entre socios y cumplimiento normativo, garantizando la estabilidad y continuidad del negocio.<\/span><\/p>\n<p><span>En cuanto a la contrataci\u00f3n mercantil, nos especializamos en la redacci\u00f3n, revisi\u00f3n y negociaci\u00f3n de contratos comerciales, tanto a nivel nacional como internacional. Dise\u00f1amos acuerdos adaptados a las necesidades de cada empresa, asegurando que sus derechos e intereses est\u00e9n protegidos en todo momento.<\/span><\/p>\n<h2><span>Cumplimiento Normativo y Protecci\u00f3n Empresarial<\/span><\/h2>\n<p><span>El entorno empresarial actual est\u00e1 altamente regulado, por lo que contar con un equipo legal especializado es fundamental para evitar sanciones y problemas legales. Ofrecemos servicios de compliance mercantil, asegurando que las empresas cumplan con la normativa vigente en materia de protecci\u00f3n de datos, competencia desleal, propiedad intelectual y derecho del consumidor.<\/span><\/p>\n<p><span>Adem\u00e1s, asesoramos en materia de responsabilidad de administradores y directivos, ayudando a mitigar riesgos legales y prevenir conflictos internos que puedan afectar la estabilidad del negocio.<\/span><\/p>\n<p>[\/et_pb_text][\/et_pb_column][\/et_pb_row][et_pb_row _builder_version=\u00bb4.27.2&#8243; _module_preset=\u00bbdefault\u00bb global_colors_info=\u00bb{}\u00bb][et_pb_column type=\u00bb4_4&#8243; _builder_version=\u00bb4.27.2&#8243; _module_preset=\u00bbdefault\u00bb global_colors_info=\u00bb{}\u00bb][et_pb_text _builder_version=\u00bb4.27.2&#8243; _module_preset=\u00bbdefault\u00bb global_colors_info=\u00bb{}\u00bb header_font_size=\u00bb20px\u00bb header_font=\u00bbPlayfair Display||||||||\u00bb header_2_font=\u00bbPlayfair Display||||||||\u00bb header_2_text_color=\u00bb#1d1a4e\u00bb header_text_color=\u00bb#1d1a4e\u00bb text_font=\u00bbDM Sans||||||||\u00bb text_font_size=\u00bb15px\u00bb text_text_color=\u00bb#47465e\u00bb]<\/p>\n<h2 data-pm-slice=\"1 1 []\"><span>Resoluci\u00f3n de Conflictos y Litigios Mercantiles<\/span><\/h2>\n<p><span>En caso de disputas comerciales, nuestro equipo de abogados expertos en litigios mercantiles proporciona representaci\u00f3n tanto en v\u00eda judicial como en procedimientos arbitrales y de mediaci\u00f3n. Buscamos siempre la mejor estrategia para resolver conflictos de manera eficiente, protegiendo los intereses comerciales de nuestros clientes.<\/span><\/p>\n<p><span>Entre los conflictos m\u00e1s comunes que gestionamos se encuentran:<\/span><\/p>\n<ul data-spread=\"false\">\n<li>\n<p><span>Incumplimiento de contratos.<\/span><\/p>\n<\/li>\n<li>\n<p><span>Conflictos entre socios y accionistas.<\/span><\/p>\n<\/li>\n<li>\n<p><span>Reclamaciones por competencia desleal.<\/span><\/p>\n<\/li>\n<li>\n<p><span>Responsabilidad contractual y extracontractual.<\/span><\/p>\n<\/li>\n<\/ul>\n<h2><span>Su Socio Legal de Confianza<\/span><\/h2>\n<p><span>En <\/span><span><strong>Commerce &amp; Finance Law Office<\/strong><\/span><span>, entendemos que el derecho mercantil es una herramienta clave para el crecimiento y \u00e9xito empresarial. Por ello, ofrecemos soluciones a medida, adaptadas a las necesidades de cada cliente, con un enfoque estrat\u00e9gico y pr\u00e1ctico.<\/span><\/p>\n<p><span>Si busca asesoramiento en materia mercantil, no dude en contactarnos. Nuestro equipo est\u00e1 preparado para brindarle la mejor asistencia legal para que su empresa opere con total seguridad y confianza.<\/span><\/p>\n<p>&nbsp;<\/p>\n<p>[\/et_pb_text][\/et_pb_column][\/et_pb_row][\/et_pb_section]<\/p>\n","protected":false},"excerpt":{"rendered":"<p>Derecho Mercantil en Commerce &amp; Finance Law Office &nbsp;En Commerce &amp; Finance Law Office, ofrecemos un asesoramiento integral en derecho mercantil para empresas de todos los tama\u00f1os, desde startups hasta grandes corporaciones. Nuestro equipo de abogados especializados trabaja para garantizar que cada operaci\u00f3n comercial se realice dentro del marco legal adecuado, minimizando riesgos y optimizando [&hellip;]<\/p>\n","protected":false},"author":1,"featured_media":0,"parent":0,"menu_order":0,"comment_status":"closed","ping_status":"closed","template":"","meta":{"_et_pb_use_builder":"on","_et_pb_old_content":"","_et_gb_content_width":"","footnotes":""},"class_list":["post-71362","page","type-page","status-publish","hentry"],"_links":{"self":[{"href":"https:\/\/commercelaw.es\/index.php?rest_route=\/wp\/v2\/pages\/71362","targetHints":{"allow":["GET"]}}],"collection":[{"href":"https:\/\/commercelaw.es\/index.php?rest_route=\/wp\/v2\/pages"}],"about":[{"href":"https:\/\/commercelaw.es\/index.php?rest_route=\/wp\/v2\/types\/page"}],"author":[{"embeddable":true,"href":"https:\/\/commercelaw.es\/index.php?rest_route=\/wp\/v2\/users\/1"}],"replies":[{"embeddable":true,"href":"https:\/\/commercelaw.es\/index.php?rest_route=%2Fwp%2Fv2%2Fcomments&post=71362"}],"version-history":[{"count":6,"href":"https:\/\/commercelaw.es\/index.php?rest_route=\/wp\/v2\/pages\/71362\/revisions"}],"predecessor-version":[{"id":71481,"href":"https:\/\/commercelaw.es\/index.php?rest_route=\/wp\/v2\/pages\/71362\/revisions\/71481"}],"wp:attachment":[{"href":"https:\/\/commercelaw.es\/index.php?rest_route=%2Fwp%2Fv2%2Fmedia&parent=71362"}],"curies":[{"name":"wp","href":"https:\/\/api.w.org\/{rel}","templated":true}]}}