{"id":71372,"date":"2025-03-11T19:17:45","date_gmt":"2025-03-11T19:17:45","guid":{"rendered":"https:\/\/financelaw.multiplikate.com\/?page_id=71372"},"modified":"2025-07-07T17:07:08","modified_gmt":"2025-07-07T17:07:08","slug":"fondos-de-inversion","status":"publish","type":"page","link":"https:\/\/commercelaw.es\/?page_id=71372","title":{"rendered":"Fondos de Inversi\u00f3n"},"content":{"rendered":"<p>[et_pb_section fb_built=\u00bb1&#8243; fullwidth=\u00bbon\u00bb _builder_version=\u00bb4.27.2&#8243; _module_preset=\u00bbdefault\u00bb global_colors_info=\u00bb{}\u00bb][et_pb_fullwidth_slider _builder_version=\u00bb4.27.4&#8243; _module_preset=\u00bbdefault\u00bb hover_enabled=\u00bb0&#8243; global_colors_info=\u00bb{}\u00bb sticky_enabled=\u00bb0&#8243;][et_pb_slide heading=\u00bbFondos de Inversi\u00f3n\u00bb use_bg_overlay=\u00bbon\u00bb use_text_overlay=\u00bbon\u00bb _builder_version=\u00bb4.27.4&#8243; _module_preset=\u00bbdefault\u00bb background_enable_color=\u00bboff\u00bb background_image=\u00bbhttps:\/\/commercelaw.es\/wp-content\/uploads\/2025\/03\/inversion-banner-scaled.jpg\u00bb background_enable_image=\u00bbon\u00bb hover_enabled=\u00bb0&#8243; global_colors_info=\u00bb{}\u00bb sticky_transition=\u00bbon\u00bb header_font=\u00bbPlayfair Display||||||||\u00bb sticky_enabled=\u00bb0&#8243;][\/et_pb_slide][\/et_pb_fullwidth_slider][\/et_pb_section][et_pb_section fb_built=\u00bb1&#8243; _builder_version=\u00bb4.16&#8243; custom_padding=\u00bb14px||14px||true|false\u00bb global_colors_info=\u00bb{}\u00bb][et_pb_row column_structure=\u00bb1_2,1_2&#8243; use_custom_gutter=\u00bbon\u00bb gutter_width=\u00bb2&#8243; make_equal=\u00bbon\u00bb _builder_version=\u00bb4.16&#8243; width=\u00bb90%\u00bb width_tablet=\u00bb90%\u00bb width_phone=\u00bb90%\u00bb width_last_edited=\u00bbon|phone\u00bb max_width_tablet=\u00bb470px\u00bb max_width_phone=\u00bb90%\u00bb max_width_last_edited=\u00bbon|tablet\u00bb custom_padding=\u00bb0px||0px||true|false\u00bb global_colors_info=\u00bb{}\u00bb][et_pb_column type=\u00bb1_2&#8243; _builder_version=\u00bb4.16&#8243; global_colors_info=\u00bb{}\u00bb][et_pb_image src=\u00bbhttps:\/\/commercelaw.es\/wp-content\/uploads\/2025\/03\/new-section-1-1.png\u00bb title_text=\u00bbnew-section-1 (1)\u00bb _builder_version=\u00bb4.16&#8243; max_width=\u00bb400px\u00bb custom_margin=\u00bb124px|||||\u00bb filter_opacity=\u00bb18%\u00bb global_colors_info=\u00bb{}\u00bb][\/et_pb_image][et_pb_image src=\u00bbhttps:\/\/commercelaw.es\/wp-content\/uploads\/2025\/03\/inversion-scaled.jpg\u00bb title_text=\u00bbinversion\u00bb align=\u00bbcenter\u00bb _builder_version=\u00bb4.27.2&#8243; z_index=\u00bb999&#8243; max_width=\u00bb490px\u00bb custom_margin=\u00bb-380px|||40px|false|false\u00bb custom_margin_tablet=\u00bb-388px||||false|false\u00bb custom_margin_phone=\u00bb-352px|||40px|false|false\u00bb custom_margin_last_edited=\u00bbon|phone\u00bb border_width_all=\u00bb1px\u00bb border_color_all=\u00bb#E02B20&#8243; box_shadow_style=\u00bbpreset2&#8243; box_shadow_color=\u00bbrgba(0,0,0,0.69)\u00bb global_colors_info=\u00bb{}\u00bb][\/et_pb_image][\/et_pb_column][et_pb_column type=\u00bb1_2&#8243; _builder_version=\u00bb4.16&#8243; custom_padding=\u00bb100px|||25px|false|false\u00bb custom_padding_tablet=\u00bb50px|||0px|false|false\u00bb custom_padding_phone=\u00bb50px|||0px|false|false\u00bb custom_padding_last_edited=\u00bbon|phone\u00bb global_colors_info=\u00bb{}\u00bb][et_pb_text _builder_version=\u00bb4.27.4&#8243; header_font=\u00bbPlayfair Display||||||||\u00bb header_text_color=\u00bb#1d1a4e\u00bb header_font_size=\u00bb20px\u00bb global_colors_info=\u00bb{}\u00bb header_2_font=\u00bbPlayfair Display||||||||\u00bb header_2_text_color=\u00bb#1d1a4e\u00bb text_font=\u00bbDM Sans||||||||\u00bb text_font_size=\u00bb15px\u00bb text_text_color=\u00bb#47465e\u00bb hover_enabled=\u00bb0&#8243; sticky_enabled=\u00bb0&#8243;]<\/p>\n<h2 data-pm-slice=\"1 1 []\" style=\"text-align: center;\"><span><strong>Asesoramiento Legal para Fondos de Inversi\u00f3n en Commerce &amp; Finance Law Office<\/strong><\/span><\/h2>\n<p>[\/et_pb_text][et_pb_text _builder_version=\u00bb4.27.2&#8243; text_font=\u00bbDM Sans||||||||\u00bb text_text_color=\u00bb#47465e\u00bb text_font_size=\u00bb15px\u00bb global_colors_info=\u00bb{}\u00bb header_font_size=\u00bb20px\u00bb header_font=\u00bbPlayfair Display||||||||\u00bb header_2_font=\u00bbPlayfair Display||||||||\u00bb header_2_text_color=\u00bb#1d1a4e\u00bb header_text_color=\u00bb#1d1a4e\u00bb]<\/p>\n<p data-pm-slice=\"1 3 []\" style=\"text-align: justify;\"><span>En <\/span><span><strong>Commerce &amp; Finance Law Office<\/strong><\/span><span>, ofrecemos un servicio especializado en asesoramiento legal para fondos de inversi\u00f3n, proporcionando a gestores, entidades financieras e inversores la seguridad jur\u00eddica necesaria para operar en un mercado altamente regulado. Nuestro equipo de abogados expertos en derecho financiero y mercantil trabaja para garantizar el cumplimiento normativo y la optimizaci\u00f3n de las estrategias de inversi\u00f3n.<\/span><\/p>\n<h2 style=\"text-align: justify;\"><span>Constituci\u00f3n y Regulaci\u00f3n de Fondos de Inversi\u00f3n<\/span><\/h2>\n<p style=\"text-align: justify;\"><span>La creaci\u00f3n de un fondo de inversi\u00f3n requiere un conocimiento profundo del marco legal vigente. Asistimos en el dise\u00f1o y constituci\u00f3n de fondos, asesorando sobre la estructura m\u00e1s adecuada seg\u00fan el perfil de inversi\u00f3n y la normativa aplicable. Nuestros servicios incluyen:<\/span><\/p>\n<ul data-spread=\"false\" style=\"text-align: justify;\">\n<li>\n<p><span>Asesoramiento en la elecci\u00f3n del veh\u00edculo de inversi\u00f3n m\u00e1s adecuado (fondos de inversi\u00f3n, sociedades de inversi\u00f3n, SICAVs, etc.).<\/span><\/p>\n<\/li>\n<li>\n<p><span>Obtenci\u00f3n de autorizaciones y cumplimiento de requisitos regulatorios ante la CNMV y otros organismos.<\/span><\/p>\n<\/li>\n<li>\n<p><span>Redacci\u00f3n y revisi\u00f3n de estatutos y reglamentos internos.<\/span><\/p>\n<\/li>\n<li>\n<p><span>Implementaci\u00f3n de estrategias de gobierno corporativo y gesti\u00f3n de riesgos.<\/span><\/p>\n<\/li>\n<\/ul>\n<h2 style=\"text-align: justify;\"><span>Cumplimiento Normativo y Regulaci\u00f3n Financiera<\/span><\/h2>\n<p style=\"text-align: justify;\"><span>El sector de los fondos de inversi\u00f3n est\u00e1 sujeto a una estricta regulaci\u00f3n para proteger a los inversores y garantizar la transparencia del mercado. Nuestro equipo legal asesora en materia de compliance, ayudando a evitar sanciones y garantizar el cumplimiento de normativas como la Directiva sobre Mercados de Instrumentos Financieros (MiFID II) y la Ley de Instituciones de Inversi\u00f3n Colectiva.<\/span><\/p>\n<p>[\/et_pb_text][\/et_pb_column][\/et_pb_row][et_pb_row _builder_version=\u00bb4.27.2&#8243; _module_preset=\u00bbdefault\u00bb global_colors_info=\u00bb{}\u00bb][et_pb_column type=\u00bb4_4&#8243; _builder_version=\u00bb4.27.2&#8243; _module_preset=\u00bbdefault\u00bb global_colors_info=\u00bb{}\u00bb][et_pb_text _builder_version=\u00bb4.27.2&#8243; _module_preset=\u00bbdefault\u00bb global_colors_info=\u00bb{}\u00bb header_font_size=\u00bb20px\u00bb header_font=\u00bbPlayfair Display||||||||\u00bb header_2_font=\u00bbPlayfair Display||||||||\u00bb header_2_text_color=\u00bb#1d1a4e\u00bb header_text_color=\u00bb#1d1a4e\u00bb text_font=\u00bbDM Sans||||||||\u00bb text_font_size=\u00bb15px\u00bb text_text_color=\u00bb#47465e\u00bb]<\/p>\n<p style=\"text-align: justify;\"><span>Entre nuestros servicios se incluyen:<\/span><\/p>\n<ul data-spread=\"false\" style=\"text-align: justify;\">\n<li style=\"text-align: justify;\"><span>Implementaci\u00f3n de pol\u00edticas de prevenci\u00f3n de blanqueo de capitales.<\/span><\/li>\n<li style=\"text-align: justify;\"><span>Cumplimiento de normativas sobre transparencia y protecci\u00f3n al inversor.<\/span><\/li>\n<li style=\"text-align: justify;\"><span>Auditor\u00eda legal y actualizaci\u00f3n de documentaci\u00f3n para ajustarse a cambios regulatorios.<\/span><\/li>\n<li>\n<p style=\"text-align: justify;\"><span>Defensa y representaci\u00f3n ante organismos supervisores en caso de inspecciones o procedimientos sancionadores.<\/span><\/p>\n<\/li>\n<\/ul>\n<h2 data-pm-slice=\"1 1 []\" style=\"text-align: justify;\"><span>Asesoramiento en Inversiones y Resoluci\u00f3n de Conflictos<\/span><\/h2>\n<p style=\"text-align: justify;\"><span>Brindamos apoyo legal en la gesti\u00f3n y estructuraci\u00f3n de inversiones, asegurando que cada operaci\u00f3n cumpla con la normativa vigente y minimizando riesgos para los inversores. Adem\u00e1s, en caso de disputas, ofrecemos representaci\u00f3n en litigios financieros, mediaci\u00f3n y arbitraje.<\/span><\/p>\n<h2 style=\"text-align: justify;\"><span>Su Socio Estrat\u00e9gico en Fondos de Inversi\u00f3n<\/span><\/h2>\n<p style=\"text-align: justify;\"><span>En <\/span><span><strong>Commerce &amp; Finance Law Office<\/strong><\/span><span>, nos comprometemos a proporcionar un asesoramiento integral y estrat\u00e9gico para que los fondos de inversi\u00f3n operen con la m\u00e1xima seguridad jur\u00eddica. Si necesita apoyo legal en este \u00e1mbito, no dude en contactarnos para una consulta personalizada.<\/span><\/p>\n<h2 data-pm-slice=\"1 1 []\" style=\"text-align: justify;\">\u200b<\/h2>\n<p>[\/et_pb_text][\/et_pb_column][\/et_pb_row][\/et_pb_section]<\/p>\n","protected":false},"excerpt":{"rendered":"<p>Asesoramiento Legal para Fondos de Inversi\u00f3n en Commerce &amp; Finance Law OfficeEn Commerce &amp; Finance Law Office, ofrecemos un servicio especializado en asesoramiento legal para fondos de inversi\u00f3n, proporcionando a gestores, entidades financieras e inversores la seguridad jur\u00eddica necesaria para operar en un mercado altamente regulado. Nuestro equipo de abogados expertos en derecho financiero y [&hellip;]<\/p>\n","protected":false},"author":1,"featured_media":0,"parent":0,"menu_order":0,"comment_status":"closed","ping_status":"closed","template":"","meta":{"_et_pb_use_builder":"on","_et_pb_old_content":"","_et_gb_content_width":"","footnotes":""},"class_list":["post-71372","page","type-page","status-publish","hentry"],"_links":{"self":[{"href":"https:\/\/commercelaw.es\/index.php?rest_route=\/wp\/v2\/pages\/71372","targetHints":{"allow":["GET"]}}],"collection":[{"href":"https:\/\/commercelaw.es\/index.php?rest_route=\/wp\/v2\/pages"}],"about":[{"href":"https:\/\/commercelaw.es\/index.php?rest_route=\/wp\/v2\/types\/page"}],"author":[{"embeddable":true,"href":"https:\/\/commercelaw.es\/index.php?rest_route=\/wp\/v2\/users\/1"}],"replies":[{"embeddable":true,"href":"https:\/\/commercelaw.es\/index.php?rest_route=%2Fwp%2Fv2%2Fcomments&post=71372"}],"version-history":[{"count":7,"href":"https:\/\/commercelaw.es\/index.php?rest_route=\/wp\/v2\/pages\/71372\/revisions"}],"predecessor-version":[{"id":71482,"href":"https:\/\/commercelaw.es\/index.php?rest_route=\/wp\/v2\/pages\/71372\/revisions\/71482"}],"wp:attachment":[{"href":"https:\/\/commercelaw.es\/index.php?rest_route=%2Fwp%2Fv2%2Fmedia&parent=71372"}],"curies":[{"name":"wp","href":"https:\/\/api.w.org\/{rel}","templated":true}]}}