{"id":71384,"date":"2025-03-11T19:31:35","date_gmt":"2025-03-11T19:31:35","guid":{"rendered":"https:\/\/financelaw.multiplikate.com\/?page_id=71384"},"modified":"2025-07-07T17:07:57","modified_gmt":"2025-07-07T17:07:57","slug":"reestructuracion-financiera","status":"publish","type":"page","link":"https:\/\/commercelaw.es\/?page_id=71384","title":{"rendered":"Reestructuraci\u00f3n Financiera"},"content":{"rendered":"<p>[et_pb_section fb_built=\u00bb1&#8243; fullwidth=\u00bbon\u00bb _builder_version=\u00bb4.27.2&#8243; _module_preset=\u00bbdefault\u00bb global_colors_info=\u00bb{}\u00bb][et_pb_fullwidth_slider _builder_version=\u00bb4.27.4&#8243; _module_preset=\u00bbdefault\u00bb hover_enabled=\u00bb0&#8243; global_colors_info=\u00bb{}\u00bb sticky_enabled=\u00bb0&#8243;][et_pb_slide heading=\u00bbReestructuraci\u00f3n Financiera\u00bb use_bg_overlay=\u00bbon\u00bb use_text_overlay=\u00bbon\u00bb _builder_version=\u00bb4.27.4&#8243; _module_preset=\u00bbdefault\u00bb background_enable_color=\u00bboff\u00bb background_image=\u00bbhttps:\/\/commercelaw.es\/wp-content\/uploads\/2025\/03\/financiera-scaled.jpg\u00bb background_enable_image=\u00bbon\u00bb hover_enabled=\u00bb0&#8243; global_colors_info=\u00bb{}\u00bb sticky_transition=\u00bbon\u00bb header_font=\u00bbPlayfair Display||||||||\u00bb sticky_enabled=\u00bb0&#8243;][\/et_pb_slide][\/et_pb_fullwidth_slider][\/et_pb_section][et_pb_section fb_built=\u00bb1&#8243; _builder_version=\u00bb4.16&#8243; custom_padding=\u00bb14px||14px||true|false\u00bb global_colors_info=\u00bb{}\u00bb][et_pb_row column_structure=\u00bb1_2,1_2&#8243; use_custom_gutter=\u00bbon\u00bb gutter_width=\u00bb2&#8243; make_equal=\u00bbon\u00bb _builder_version=\u00bb4.16&#8243; width=\u00bb90%\u00bb width_tablet=\u00bb90%\u00bb width_phone=\u00bb90%\u00bb width_last_edited=\u00bbon|phone\u00bb max_width_tablet=\u00bb470px\u00bb max_width_phone=\u00bb90%\u00bb max_width_last_edited=\u00bbon|tablet\u00bb custom_padding=\u00bb0px||0px||true|false\u00bb global_colors_info=\u00bb{}\u00bb][et_pb_column type=\u00bb1_2&#8243; _builder_version=\u00bb4.16&#8243; global_colors_info=\u00bb{}\u00bb][et_pb_image src=\u00bbhttps:\/\/commercelaw.es\/wp-content\/uploads\/2025\/03\/new-section-1-1.png\u00bb title_text=\u00bbnew-section-1 (1)\u00bb _builder_version=\u00bb4.16&#8243; max_width=\u00bb400px\u00bb custom_margin=\u00bb143px|||||\u00bb filter_opacity=\u00bb18%\u00bb global_colors_info=\u00bb{}\u00bb][\/et_pb_image][et_pb_image src=\u00bbhttps:\/\/commercelaw.es\/wp-content\/uploads\/2025\/03\/financiera-2-scaled.jpg\u00bb title_text=\u00bbfinanciera (2)\u00bb align=\u00bbcenter\u00bb _builder_version=\u00bb4.27.2&#8243; z_index=\u00bb999&#8243; max_width=\u00bb490px\u00bb custom_margin=\u00bb-380px|||40px|false|false\u00bb custom_margin_tablet=\u00bb-388px||||false|false\u00bb custom_margin_phone=\u00bb-352px|||40px|false|false\u00bb custom_margin_last_edited=\u00bbon|phone\u00bb border_width_all=\u00bb1px\u00bb border_color_all=\u00bb#E02B20&#8243; box_shadow_style=\u00bbpreset2&#8243; box_shadow_color=\u00bbrgba(0,0,0,0.69)\u00bb global_colors_info=\u00bb{}\u00bb][\/et_pb_image][\/et_pb_column][et_pb_column type=\u00bb1_2&#8243; _builder_version=\u00bb4.16&#8243; custom_padding=\u00bb100px|||25px|false|false\u00bb custom_padding_tablet=\u00bb50px|||0px|false|false\u00bb custom_padding_phone=\u00bb50px|||0px|false|false\u00bb custom_padding_last_edited=\u00bbon|phone\u00bb global_colors_info=\u00bb{}\u00bb][et_pb_text _builder_version=\u00bb4.27.4&#8243; header_font=\u00bbPlayfair Display||||||||\u00bb header_text_color=\u00bb#1d1a4e\u00bb header_font_size=\u00bb20px\u00bb global_colors_info=\u00bb{}\u00bb header_2_font=\u00bbPlayfair Display||||||||\u00bb header_2_text_color=\u00bb#1d1a4e\u00bb text_font=\u00bbDM Sans||||||||\u00bb text_font_size=\u00bb15px\u00bb text_text_color=\u00bb#47465e\u00bb hover_enabled=\u00bb0&#8243; sticky_enabled=\u00bb0&#8243;]<\/p>\n<h2 data-pm-slice=\"1 1 []\" style=\"text-align: center;\"><span><strong>Asesoramiento en Reestructuraci\u00f3n Financiera \u2013 Commerce &amp; Finance Law Office<\/strong><\/span><\/h2>\n<p>[\/et_pb_text][et_pb_text _builder_version=\u00bb4.27.2&#8243; text_font=\u00bbDM Sans||||||||\u00bb text_text_color=\u00bb#47465e\u00bb text_font_size=\u00bb15px\u00bb global_colors_info=\u00bb{}\u00bb header_font_size=\u00bb20px\u00bb header_font=\u00bbPlayfair Display||||||||\u00bb header_2_font=\u00bbPlayfair Display||||||||\u00bb header_2_text_color=\u00bb#1d1a4e\u00bb header_text_color=\u00bb#1d1a4e\u00bb]<\/p>\n<p data-pm-slice=\"1 3 []\" style=\"text-align: justify;\"><span>En <\/span><span><strong>Commerce &amp; Finance Law Office<\/strong><\/span><span>, ofrecemos asesoramiento especializado en procesos de reestructuraci\u00f3n financiera, proporcionando soluciones estrat\u00e9gicas para empresas en situaciones de crisis o que buscan optimizar su estructura financiera. Nuestro equipo de abogados expertos en derecho mercantil y financiero trabaja en estrecha colaboraci\u00f3n con directivos, entidades bancarias e inversores para garantizar la viabilidad de las operaciones y el cumplimiento normativo.<\/span><\/p>\n<h2 style=\"text-align: justify;\"><span>Estrategias de Reestructuraci\u00f3n Financiera<\/span><\/h2>\n<p style=\"text-align: justify;\"><span>La reestructuraci\u00f3n financiera es un proceso clave para mejorar la estabilidad econ\u00f3mica de una empresa, evitar insolvencias y optimizar su rendimiento. En <\/span><span><strong>Commerce &amp; Finance Law Office<\/strong><\/span><span>, dise\u00f1amos estrategias a medida seg\u00fan las necesidades de cada cliente, incluyendo:<\/span><\/p>\n<ul data-spread=\"false\" style=\"text-align: justify;\">\n<li>\n<p><span><strong>Renegociaci\u00f3n de Deudas<\/strong><\/span><span>: Intermediamos en la negociaci\u00f3n con entidades bancarias y acreedores para lograr acuerdos que permitan refinanciar o reducir las obligaciones financieras.<\/span><\/p>\n<\/li>\n<li>\n<p><span><strong>Reestructuraci\u00f3n Societaria<\/strong><\/span><span>: Asesoramos en fusiones, adquisiciones, escisiones y otras operaciones corporativas que faciliten la optimizaci\u00f3n de recursos y la viabilidad empresarial.<\/span><\/p>\n<\/li>\n<li>\n<p><span><strong>Asesoramiento en Procesos Concursales<\/strong><\/span><span>: Acompa\u00f1amos a empresas en procedimientos de concurso de acreedores, desde la solicitud hasta la liquidaci\u00f3n o convenio con los acreedores.<\/span><\/p>\n<\/li>\n<li>\n<p><span><strong>Planes de Viabilidad y Refinanciaci\u00f3n<\/strong><\/span><span>: Elaboramos planes estrat\u00e9gicos de viabilidad y restructuraci\u00f3n financiera para garantizar la continuidad del negocio.<\/span><\/p>\n<\/li>\n<\/ul>\n<h2 style=\"text-align: justify;\"><span>Cumplimiento Normativo y Seguridad Jur\u00eddica<\/span><\/h2>\n<p style=\"text-align: justify;\"><span>Toda reestructuraci\u00f3n financiera debe llevarse a cabo con estricto cumplimiento de la normativa vigente. Nuestro equipo legal se encarga de:<\/span><\/p>\n<ul data-spread=\"false\">\n<li style=\"text-align: justify;\">\n<p><span>Asesorar en el cumplimiento de la Ley Concursal y regulaciones financieras aplicables.<\/span><\/p>\n<\/li>\n<li style=\"text-align: justify;\">\n<p><span>Revisar y redactar contratos financieros y acuerdos de refinanciaci\u00f3n.<\/span><\/p>\n<\/li>\n<li>\n<p style=\"text-align: justify;\"><span>Minimizar riesgos legales para evitar futuras responsabilidades para directivos y accionistas.<\/span><\/p>\n<\/li>\n<\/ul>\n<p>[\/et_pb_text][\/et_pb_column][\/et_pb_row][et_pb_row _builder_version=\u00bb4.27.2&#8243; _module_preset=\u00bbdefault\u00bb global_colors_info=\u00bb{}\u00bb][et_pb_column type=\u00bb4_4&#8243; _builder_version=\u00bb4.27.2&#8243; _module_preset=\u00bbdefault\u00bb global_colors_info=\u00bb{}\u00bb][et_pb_text _builder_version=\u00bb4.27.2&#8243; _module_preset=\u00bbdefault\u00bb global_colors_info=\u00bb{}\u00bb header_font_size=\u00bb20px\u00bb header_font=\u00bbPlayfair Display||||||||\u00bb header_2_font=\u00bbPlayfair Display||||||||\u00bb header_2_text_color=\u00bb#1d1a4e\u00bb header_text_color=\u00bb#1d1a4e\u00bb text_font=\u00bbDM Sans||||||||\u00bb text_font_size=\u00bb15px\u00bb text_text_color=\u00bb#47465e\u00bb]<\/p>\n<h2 data-pm-slice=\"1 1 []\"><span>Resoluci\u00f3n de Conflictos y Litigios Financieros<\/span><\/h2>\n<p><span>En casos de disputas con acreedores, socios o entidades financieras, ofrecemos representaci\u00f3n legal en negociaciones, mediaciones y procedimientos judiciales. Nuestro objetivo es proteger los intereses de nuestros clientes y alcanzar acuerdos favorables.<\/span><\/p>\n<h2><span>Su Aliado en Reestructuraci\u00f3n Financiera<\/span><\/h2>\n<p><span>En <\/span><span><strong>Commerce &amp; Finance Law Office<\/strong><\/span><span>, entendemos la importancia de una gesti\u00f3n financiera eficiente y estrat\u00e9gica. Si su empresa enfrenta dificultades econ\u00f3micas o necesita optimizar su estructura financiera, cont\u00e1ctenos para recibir asesoramiento experto y personalizado.<\/span><\/p>\n<p>&nbsp;<\/p>\n<h2 data-pm-slice=\"1 1 []\" style=\"text-align: justify;\">\u200b<\/h2>\n<p>[\/et_pb_text][\/et_pb_column][\/et_pb_row][\/et_pb_section]<\/p>\n","protected":false},"excerpt":{"rendered":"<p>Asesoramiento en Reestructuraci\u00f3n Financiera \u2013 Commerce &amp; Finance Law OfficeEn Commerce &amp; Finance Law Office, ofrecemos asesoramiento especializado en procesos de reestructuraci\u00f3n financiera, proporcionando soluciones estrat\u00e9gicas para empresas en situaciones de crisis o que buscan optimizar su estructura financiera. Nuestro equipo de abogados expertos en derecho mercantil y financiero trabaja en estrecha colaboraci\u00f3n con directivos, [&hellip;]<\/p>\n","protected":false},"author":1,"featured_media":0,"parent":0,"menu_order":0,"comment_status":"closed","ping_status":"closed","template":"","meta":{"_et_pb_use_builder":"on","_et_pb_old_content":"","_et_gb_content_width":"","footnotes":""},"class_list":["post-71384","page","type-page","status-publish","hentry"],"_links":{"self":[{"href":"https:\/\/commercelaw.es\/index.php?rest_route=\/wp\/v2\/pages\/71384","targetHints":{"allow":["GET"]}}],"collection":[{"href":"https:\/\/commercelaw.es\/index.php?rest_route=\/wp\/v2\/pages"}],"about":[{"href":"https:\/\/commercelaw.es\/index.php?rest_route=\/wp\/v2\/types\/page"}],"author":[{"embeddable":true,"href":"https:\/\/commercelaw.es\/index.php?rest_route=\/wp\/v2\/users\/1"}],"replies":[{"embeddable":true,"href":"https:\/\/commercelaw.es\/index.php?rest_route=%2Fwp%2Fv2%2Fcomments&post=71384"}],"version-history":[{"count":7,"href":"https:\/\/commercelaw.es\/index.php?rest_route=\/wp\/v2\/pages\/71384\/revisions"}],"predecessor-version":[{"id":71483,"href":"https:\/\/commercelaw.es\/index.php?rest_route=\/wp\/v2\/pages\/71384\/revisions\/71483"}],"wp:attachment":[{"href":"https:\/\/commercelaw.es\/index.php?rest_route=%2Fwp%2Fv2%2Fmedia&parent=71384"}],"curies":[{"name":"wp","href":"https:\/\/api.w.org\/{rel}","templated":true}]}}